{"id":175,"date":"2019-08-18T17:37:46","date_gmt":"2019-08-18T15:37:46","guid":{"rendered":"http:\/\/greendolphindus.com\/?page_id=175"},"modified":"2020-02-19T12:12:36","modified_gmt":"2020-02-19T11:12:36","slug":"175-2","status":"publish","type":"page","link":"https:\/\/greendolphindus.com\/","title":{"rendered":"Greendolphindus"},"content":{"rendered":"<div  class=\"one ppb_card_two_cols_with_image\" style=\"position:relative;padding:0px 0 0px 0;\" >\n<div class=\"standard_wrapper\">\n<div class=\"page_content_wrapper\">\n<div class=\"inner\">\n<div class=\"one_half parallax_scroll\" style=\"width:50%;position:absolute;padding:0px;z-index:2;block !important;background:#fff;\" data-stellar-ratio=\"1.3\">\n<h2 class=\"ppb_title\" style=\"\">Greendolphindus<\/h2>\n<div class=\"ppb_header_content\">\n<p>\u201eGold findet man bekanntlich im Dreck&#8230;\u201c sang schon Marius M\u00fcller Westernhagen und das, was Claudia Zurlo auf ihren Ausfl\u00fcgen an das D\u00fcsseldorfer Rheinufer findet, ist nicht nur M\u00fcll und Dreck. Gelegentlich taucht Weggeworfenes wie Preziosen aus vergangenen Zeiten wieder auf.<\/p>\n<p>Kunstvoll arrangiert Claudia Zurlo ihre Fundst\u00fccke mal nach Farbe, mal nach Form und gibt dem, was andere wahllos weggeworfen, unbedacht entsorgt oder schlichtweg vergessen haben, eine neue \u00c4sthetik.<\/p>\n<p>Ges\u00e4ubert und eindrucksvoll in Szene gesetzt, werden Alltagsgegenst\u00e4nde zu Ensembles zusammengef\u00fcgt und in ein neues Licht gesetzt.<\/p>\n<p>So inszeniert macht es uns nachdenklich \u00fcber das, was wir brauchen und wegwerfen, was sich an M\u00fcllbergen am Ufer ansammelt.<\/p>\n<p>Ihre Leidenschaft des Sammelns, Sehens und Suchens ist Gold wert f\u00fcr die Umwelt.<\/p>\n<p>Ulla Born M.A.<br \/>\nKunsthistorikerin<\/p>\n<\/div>\n<\/div>\n<div class=\"one_half parallax_scroll_image last\" style=\"width:50%;\"><\/div>\n<p><br class=\"clear\"\/><\/div>\n<\/div>\n<\/div>\n<\/div>\n<div  class=\"one ppb_card_two_cols_with_image\" style=\"position:relative;padding:0px 0 0px 0;\" >\n<div class=\"standard_wrapper\">\n<div class=\"page_content_wrapper\">\n<div class=\"inner\">\n<div class=\"one_half parallax_scroll\" style=\"width:50%;position:absolute;padding:0px;z-index:2;block !important;background:#fff;\" data-stellar-ratio=\"1.3\">\n<h2 class=\"ppb_title\" style=\"\">Greendolphindus<\/h2>\n<div class=\"ppb_header_content\">\n<p>\u201eGold findet man bekanntlich im Dreck&#8230;\u201c sang schon Marius M\u00fcller Westernhagen und das, was Claudia Zurlo auf ihren Ausfl\u00fcgen an das D\u00fcsseldorfer Rheinufer findet, ist nicht nur M\u00fcll und Dreck. Gelegentlich taucht Weggeworfenes wie Preziosen aus vergangenen Zeiten wieder auf.<\/p>\n<p>Kunstvoll arrangiert Claudia Zurlo ihre Fundst\u00fccke mal nach Farbe, mal nach Form und gibt dem, was andere wahllos weggeworfen, unbedacht entsorgt oder schlichtweg vergessen haben, eine neue \u00c4sthetik.<\/p>\n<p>Ges\u00e4ubert und eindrucksvoll in Szene gesetzt, werden Alltagsgegenst\u00e4nde zu Ensembles zusammengef\u00fcgt und in ein neues Licht gesetzt.<\/p>\n<p>So inszeniert macht es uns nachdenklich \u00fcber das, was wir brauchen und wegwerfen, was sich an M\u00fcllbergen am Ufer ansammelt.<\/p>\n<p>Ihre Leidenschaft des Sammelns, Sehens und Suchens ist Gold wert f\u00fcr die Umwelt.<\/p>\n<p>Ulla Born M.A.<br \/>\nKunsthistorikerin<\/p>\n<\/div>\n<\/div>\n<div class=\"one_half parallax_scroll_image last\" style=\"width:50%;\"><\/div>\n<p><br class=\"clear\"\/><\/div>\n<\/div>\n<\/div>\n<\/div>\n","protected":false},"excerpt":{"rendered":"<p>Greendolphindus \u201eGold findet man bekanntlich im Dreck&#8230;\u201c sang schon Marius M\u00fcller Westernhagen und das, was Claudia Zurlo auf ihren Ausfl\u00fcgen an das D\u00fcsseldorfer Rheinufer findet, ist nicht nur M\u00fcll und Dreck. Gelegentlich taucht Weggeworfenes wie Preziosen aus vergangenen Zeiten wieder [&hellip;]<\/p>\n","protected":false},"author":1,"featured_media":0,"parent":0,"menu_order":0,"comment_status":"closed","ping_status":"closed","template":"","meta":{"_acf_changed":false,"footnotes":""},"acf":[],"yoast_head":"<!-- This site is optimized with the Yoast SEO plugin v24.1 - https:\/\/yoast.com\/wordpress\/plugins\/seo\/ -->\n<title>Greendolphindus - greendolphindus.com<\/title>\n<meta name=\"description\" content=\"Greendolphindus, das ist das Kunstprojekt der Fotografin Claudia Zurlo aus D\u00fcsseldorf. Sie sammelt Plastikm\u00fcll am Rheinufer und arrangiert diesen kunstvoll.\" \/>\n<meta name=\"robots\" content=\"index, follow, max-snippet:-1, max-image-preview:large, max-video-preview:-1\" \/>\n<link rel=\"canonical\" href=\"https:\/\/greendolphindus.com\/\" \/>\n<meta property=\"og:locale\" content=\"de_DE\" \/>\n<meta property=\"og:type\" content=\"article\" \/>\n<meta property=\"og:title\" content=\"Greendolphindus - greendolphindus.com\" \/>\n<meta property=\"og:description\" content=\"Greendolphindus, das ist das Kunstprojekt der Fotografin Claudia Zurlo aus D\u00fcsseldorf. Sie sammelt Plastikm\u00fcll am Rheinufer und arrangiert diesen kunstvoll.\" \/>\n<meta property=\"og:url\" content=\"https:\/\/greendolphindus.com\/\" \/>\n<meta property=\"og:site_name\" content=\"greendolphindus.com\" \/>\n<meta property=\"article:modified_time\" content=\"2020-02-19T11:12:36+00:00\" \/>\n<meta name=\"twitter:card\" content=\"summary_large_image\" \/>\n<meta name=\"twitter:label1\" content=\"Gesch\u00e4tzte Lesezeit\" \/>\n\t<meta name=\"twitter:data1\" content=\"1 Minute\" \/>\n<script type=\"application\/ld+json\" class=\"yoast-schema-graph\">{\"@context\":\"https:\/\/schema.org\",\"@graph\":[{\"@type\":\"WebPage\",\"@id\":\"https:\/\/greendolphindus.com\/\",\"url\":\"https:\/\/greendolphindus.com\/\",\"name\":\"Greendolphindus - greendolphindus.com\",\"isPartOf\":{\"@id\":\"https:\/\/greendolphindus.com\/#website\"},\"datePublished\":\"2019-08-18T15:37:46+00:00\",\"dateModified\":\"2020-02-19T11:12:36+00:00\",\"description\":\"Greendolphindus, das ist das Kunstprojekt der Fotografin Claudia Zurlo aus D\u00fcsseldorf. Sie sammelt Plastikm\u00fcll am Rheinufer und arrangiert diesen kunstvoll.\",\"breadcrumb\":{\"@id\":\"https:\/\/greendolphindus.com\/#breadcrumb\"},\"inLanguage\":\"de-DE\",\"potentialAction\":[{\"@type\":\"ReadAction\",\"target\":[\"https:\/\/greendolphindus.com\/\"]}]},{\"@type\":\"BreadcrumbList\",\"@id\":\"https:\/\/greendolphindus.com\/#breadcrumb\",\"itemListElement\":[{\"@type\":\"ListItem\",\"position\":1,\"name\":\"Startseite\",\"item\":\"https:\/\/greendolphindus.com\/\"},{\"@type\":\"ListItem\",\"position\":2,\"name\":\"Greendolphindus\"}]},{\"@type\":\"WebSite\",\"@id\":\"https:\/\/greendolphindus.com\/#website\",\"url\":\"https:\/\/greendolphindus.com\/\",\"name\":\"greendolphindus.com\",\"description\":\"\",\"potentialAction\":[{\"@type\":\"SearchAction\",\"target\":{\"@type\":\"EntryPoint\",\"urlTemplate\":\"https:\/\/greendolphindus.com\/?s={search_term_string}\"},\"query-input\":{\"@type\":\"PropertyValueSpecification\",\"valueRequired\":true,\"valueName\":\"search_term_string\"}}],\"inLanguage\":\"de-DE\"}]}<\/script>\n<!-- \/ Yoast SEO plugin. -->","yoast_head_json":{"title":"Greendolphindus - greendolphindus.com","description":"Greendolphindus, das ist das Kunstprojekt der Fotografin Claudia Zurlo aus D\u00fcsseldorf. Sie sammelt Plastikm\u00fcll am Rheinufer und arrangiert diesen kunstvoll.","robots":{"index":"index","follow":"follow","max-snippet":"max-snippet:-1","max-image-preview":"max-image-preview:large","max-video-preview":"max-video-preview:-1"},"canonical":"https:\/\/greendolphindus.com\/","og_locale":"de_DE","og_type":"article","og_title":"Greendolphindus - greendolphindus.com","og_description":"Greendolphindus, das ist das Kunstprojekt der Fotografin Claudia Zurlo aus D\u00fcsseldorf. Sie sammelt Plastikm\u00fcll am Rheinufer und arrangiert diesen kunstvoll.","og_url":"https:\/\/greendolphindus.com\/","og_site_name":"greendolphindus.com","article_modified_time":"2020-02-19T11:12:36+00:00","twitter_card":"summary_large_image","twitter_misc":{"Gesch\u00e4tzte Lesezeit":"1 Minute"},"schema":{"@context":"https:\/\/schema.org","@graph":[{"@type":"WebPage","@id":"https:\/\/greendolphindus.com\/","url":"https:\/\/greendolphindus.com\/","name":"Greendolphindus - greendolphindus.com","isPartOf":{"@id":"https:\/\/greendolphindus.com\/#website"},"datePublished":"2019-08-18T15:37:46+00:00","dateModified":"2020-02-19T11:12:36+00:00","description":"Greendolphindus, das ist das Kunstprojekt der Fotografin Claudia Zurlo aus D\u00fcsseldorf. Sie sammelt Plastikm\u00fcll am Rheinufer und arrangiert diesen kunstvoll.","breadcrumb":{"@id":"https:\/\/greendolphindus.com\/#breadcrumb"},"inLanguage":"de-DE","potentialAction":[{"@type":"ReadAction","target":["https:\/\/greendolphindus.com\/"]}]},{"@type":"BreadcrumbList","@id":"https:\/\/greendolphindus.com\/#breadcrumb","itemListElement":[{"@type":"ListItem","position":1,"name":"Startseite","item":"https:\/\/greendolphindus.com\/"},{"@type":"ListItem","position":2,"name":"Greendolphindus"}]},{"@type":"WebSite","@id":"https:\/\/greendolphindus.com\/#website","url":"https:\/\/greendolphindus.com\/","name":"greendolphindus.com","description":"","potentialAction":[{"@type":"SearchAction","target":{"@type":"EntryPoint","urlTemplate":"https:\/\/greendolphindus.com\/?s={search_term_string}"},"query-input":{"@type":"PropertyValueSpecification","valueRequired":true,"valueName":"search_term_string"}}],"inLanguage":"de-DE"}]}},"_links":{"self":[{"href":"https:\/\/greendolphindus.com\/index.php?rest_route=\/wp\/v2\/pages\/175"}],"collection":[{"href":"https:\/\/greendolphindus.com\/index.php?rest_route=\/wp\/v2\/pages"}],"about":[{"href":"https:\/\/greendolphindus.com\/index.php?rest_route=\/wp\/v2\/types\/page"}],"author":[{"embeddable":true,"href":"https:\/\/greendolphindus.com\/index.php?rest_route=\/wp\/v2\/users\/1"}],"replies":[{"embeddable":true,"href":"https:\/\/greendolphindus.com\/index.php?rest_route=%2Fwp%2Fv2%2Fcomments&post=175"}],"version-history":[{"count":154,"href":"https:\/\/greendolphindus.com\/index.php?rest_route=\/wp\/v2\/pages\/175\/revisions"}],"predecessor-version":[{"id":841,"href":"https:\/\/greendolphindus.com\/index.php?rest_route=\/wp\/v2\/pages\/175\/revisions\/841"}],"wp:attachment":[{"href":"https:\/\/greendolphindus.com\/index.php?rest_route=%2Fwp%2Fv2%2Fmedia&parent=175"}],"curies":[{"name":"wp","href":"https:\/\/api.w.org\/{rel}","templated":true}]}}