{"id":191,"date":"2019-08-18T18:09:57","date_gmt":"2019-08-18T16:09:57","guid":{"rendered":"http:\/\/greendolphindus.com\/?page_id=191"},"modified":"2019-10-13T14:49:27","modified_gmt":"2019-10-13T12:49:27","slug":"blog","status":"publish","type":"page","link":"https:\/\/greendolphindus.com\/?page_id=191","title":{"rendered":"Blog"},"content":{"rendered":"","protected":false},"excerpt":{"rendered":"","protected":false},"author":1,"featured_media":0,"parent":0,"menu_order":0,"comment_status":"closed","ping_status":"closed","template":"blog_fgl.php","meta":{"_acf_changed":false,"footnotes":""},"acf":[],"yoast_head":"<!-- This site is optimized with the Yoast SEO plugin v24.1 - https:\/\/yoast.com\/wordpress\/plugins\/seo\/ -->\n<title>Blog - greendolphindus.com<\/title>\n<meta name=\"description\" content=\"Folgt dem Blog der Fotok\u00fcnstlerin Claudia Zurlo aus D\u00fcsseldorf. Trash-Art aus Plastikm\u00fcll, der am Rheinufer gesammelt wurde.\" \/>\n<meta name=\"robots\" content=\"index, follow, max-snippet:-1, max-image-preview:large, max-video-preview:-1\" \/>\n<link rel=\"canonical\" href=\"https:\/\/greendolphindus.com\/?page_id=191\" \/>\n<meta property=\"og:locale\" content=\"de_DE\" \/>\n<meta property=\"og:type\" content=\"article\" \/>\n<meta property=\"og:title\" content=\"Blog - greendolphindus.com\" \/>\n<meta property=\"og:description\" content=\"Folgt dem Blog der Fotok\u00fcnstlerin Claudia Zurlo aus D\u00fcsseldorf. Trash-Art aus Plastikm\u00fcll, der am Rheinufer gesammelt wurde.\" \/>\n<meta property=\"og:url\" content=\"https:\/\/greendolphindus.com\/?page_id=191\" \/>\n<meta property=\"og:site_name\" content=\"greendolphindus.com\" \/>\n<meta property=\"article:modified_time\" content=\"2019-10-13T12:49:27+00:00\" \/>\n<meta name=\"twitter:card\" content=\"summary_large_image\" \/>\n<script type=\"application\/ld+json\" class=\"yoast-schema-graph\">{\"@context\":\"https:\/\/schema.org\",\"@graph\":[{\"@type\":[\"WebPage\",\"CollectionPage\"],\"@id\":\"https:\/\/greendolphindus.com\/?page_id=191\",\"url\":\"https:\/\/greendolphindus.com\/?page_id=191\",\"name\":\"Blog - greendolphindus.com\",\"isPartOf\":{\"@id\":\"https:\/\/greendolphindus.com\/#website\"},\"datePublished\":\"2019-08-18T16:09:57+00:00\",\"dateModified\":\"2019-10-13T12:49:27+00:00\",\"description\":\"Folgt dem Blog der Fotok\u00fcnstlerin Claudia Zurlo aus D\u00fcsseldorf. Trash-Art aus Plastikm\u00fcll, der am Rheinufer gesammelt wurde.\",\"breadcrumb\":{\"@id\":\"https:\/\/greendolphindus.com\/?page_id=191#breadcrumb\"},\"inLanguage\":\"de-DE\"},{\"@type\":\"BreadcrumbList\",\"@id\":\"https:\/\/greendolphindus.com\/?page_id=191#breadcrumb\",\"itemListElement\":[{\"@type\":\"ListItem\",\"position\":1,\"name\":\"Startseite\",\"item\":\"https:\/\/greendolphindus.com\/\"},{\"@type\":\"ListItem\",\"position\":2,\"name\":\"Blog\"}]},{\"@type\":\"WebSite\",\"@id\":\"https:\/\/greendolphindus.com\/#website\",\"url\":\"https:\/\/greendolphindus.com\/\",\"name\":\"greendolphindus.com\",\"description\":\"\",\"potentialAction\":[{\"@type\":\"SearchAction\",\"target\":{\"@type\":\"EntryPoint\",\"urlTemplate\":\"https:\/\/greendolphindus.com\/?s={search_term_string}\"},\"query-input\":{\"@type\":\"PropertyValueSpecification\",\"valueRequired\":true,\"valueName\":\"search_term_string\"}}],\"inLanguage\":\"de-DE\"}]}<\/script>\n<!-- \/ Yoast SEO plugin. -->","yoast_head_json":{"title":"Blog - greendolphindus.com","description":"Folgt dem Blog der Fotok\u00fcnstlerin Claudia Zurlo aus D\u00fcsseldorf. Trash-Art aus Plastikm\u00fcll, der am Rheinufer gesammelt wurde.","robots":{"index":"index","follow":"follow","max-snippet":"max-snippet:-1","max-image-preview":"max-image-preview:large","max-video-preview":"max-video-preview:-1"},"canonical":"https:\/\/greendolphindus.com\/?page_id=191","og_locale":"de_DE","og_type":"article","og_title":"Blog - greendolphindus.com","og_description":"Folgt dem Blog der Fotok\u00fcnstlerin Claudia Zurlo aus D\u00fcsseldorf. Trash-Art aus Plastikm\u00fcll, der am Rheinufer gesammelt wurde.","og_url":"https:\/\/greendolphindus.com\/?page_id=191","og_site_name":"greendolphindus.com","article_modified_time":"2019-10-13T12:49:27+00:00","twitter_card":"summary_large_image","schema":{"@context":"https:\/\/schema.org","@graph":[{"@type":["WebPage","CollectionPage"],"@id":"https:\/\/greendolphindus.com\/?page_id=191","url":"https:\/\/greendolphindus.com\/?page_id=191","name":"Blog - greendolphindus.com","isPartOf":{"@id":"https:\/\/greendolphindus.com\/#website"},"datePublished":"2019-08-18T16:09:57+00:00","dateModified":"2019-10-13T12:49:27+00:00","description":"Folgt dem Blog der Fotok\u00fcnstlerin Claudia Zurlo aus D\u00fcsseldorf. Trash-Art aus Plastikm\u00fcll, der am Rheinufer gesammelt wurde.","breadcrumb":{"@id":"https:\/\/greendolphindus.com\/?page_id=191#breadcrumb"},"inLanguage":"de-DE"},{"@type":"BreadcrumbList","@id":"https:\/\/greendolphindus.com\/?page_id=191#breadcrumb","itemListElement":[{"@type":"ListItem","position":1,"name":"Startseite","item":"https:\/\/greendolphindus.com\/"},{"@type":"ListItem","position":2,"name":"Blog"}]},{"@type":"WebSite","@id":"https:\/\/greendolphindus.com\/#website","url":"https:\/\/greendolphindus.com\/","name":"greendolphindus.com","description":"","potentialAction":[{"@type":"SearchAction","target":{"@type":"EntryPoint","urlTemplate":"https:\/\/greendolphindus.com\/?s={search_term_string}"},"query-input":{"@type":"PropertyValueSpecification","valueRequired":true,"valueName":"search_term_string"}}],"inLanguage":"de-DE"}]}},"_links":{"self":[{"href":"https:\/\/greendolphindus.com\/index.php?rest_route=\/wp\/v2\/pages\/191"}],"collection":[{"href":"https:\/\/greendolphindus.com\/index.php?rest_route=\/wp\/v2\/pages"}],"about":[{"href":"https:\/\/greendolphindus.com\/index.php?rest_route=\/wp\/v2\/types\/page"}],"author":[{"embeddable":true,"href":"https:\/\/greendolphindus.com\/index.php?rest_route=\/wp\/v2\/users\/1"}],"replies":[{"embeddable":true,"href":"https:\/\/greendolphindus.com\/index.php?rest_route=%2Fwp%2Fv2%2Fcomments&post=191"}],"version-history":[{"count":1,"href":"https:\/\/greendolphindus.com\/index.php?rest_route=\/wp\/v2\/pages\/191\/revisions"}],"predecessor-version":[{"id":193,"href":"https:\/\/greendolphindus.com\/index.php?rest_route=\/wp\/v2\/pages\/191\/revisions\/193"}],"wp:attachment":[{"href":"https:\/\/greendolphindus.com\/index.php?rest_route=%2Fwp%2Fv2%2Fmedia&parent=191"}],"curies":[{"name":"wp","href":"https:\/\/api.w.org\/{rel}","templated":true}]}}