{"id":30,"date":"2019-06-12T19:43:09","date_gmt":"2019-06-12T17:43:09","guid":{"rendered":"http:\/\/greendolphindus.com\/?page_id=30"},"modified":"2019-10-08T14:03:44","modified_gmt":"2019-10-08T12:03:44","slug":"ueber-mich","status":"publish","type":"page","link":"https:\/\/greendolphindus.com\/?page_id=30","title":{"rendered":"Das Projekt"},"content":{"rendered":"\n<h2 class=\"wp-block-heading\">Wer oder was ist greendolphindus?<\/h2>\n\n\n\n<p>Im Januar 2019 startete ich mein Fotoprojekt &#8222;greendolphindus&#8220;.<\/p>\n\n\n\n<p>Namensgeber f\u00fcr das Projekt ist eines meiner ersten Plastikfundst\u00fccke am Rhein. Ein schon offensichtlich etwas in die Jahre gekommenes gr\u00fcnes Sandf\u00f6rmchen aus Plastik in Form eines Delfins, welches am Rheinufer in D\u00fcsseldorf-Hamm gestrandet war. War es gestern noch ein Spielzeug, so ist es heute nicht mehr als ein weiteres St\u00fcck Plastikm\u00fcll.<\/p>\n\n\n\n<figure class=\"wp-block-image is-resized\"><img decoding=\"async\" data-src=\"http:\/\/greendolphindus.com\/wp-content\/uploads\/2019\/06\/DelfinHeader-1024x1024.jpg\" alt=\"Greendolphindus Fotokunst\" class=\"wp-image-63 lazyload\" width=\"768\" height=\"768\" src=\"data:image\/svg+xml;base64,PHN2ZyB3aWR0aD0iMSIgaGVpZ2h0PSIxIiB4bWxucz0iaHR0cDovL3d3dy53My5vcmcvMjAwMC9zdmciPjwvc3ZnPg==\" style=\"--smush-placeholder-width: 768px; --smush-placeholder-aspect-ratio: 768\/768;\" \/><figcaption>Green Dolphin<\/figcaption><\/figure>\n\n\n\n<h2 class=\"wp-block-heading\">Wie aus M\u00fcll Fotokunst wird<\/h2>\n\n\n\n<p>In meiner Freizeit bin ich gerne am Rhein unterwegs. Ich liebe die Natur, das Meer und das Rheinufer mit seinen Buchten und kleinen Str\u00e4nden. Was mir bei meinen Spazierg\u00e4ngen immer wieder auffiel, ist die Menge an M\u00fcll, die sich am Ufer sammelt. Besonders im Herbst und Fr\u00fchjahr, wenn der Rhein Hochwasser f\u00fchrt, wird viel Unrat angeschwemmt. In den Sommermonaten findet sich dort zus\u00e4tzlich sehr viel Picknick-M\u00fcll, zur\u00fcckgelassen von Menschen, die am Rheinufer chillen und grillen, denen aber der Weg zur n\u00e4chsten M\u00fclltonne zu weit ist.<\/p>\n\n\n\n<p>Der gesammelte gro\u00dfteilige M\u00fcll wird von mir fachgerecht entsorgt. Alle kleinen Plastikteile werden nach dem Sammeln gereinigt, zum Trocknen ausgelegt und anschlie\u00dfend sortiert, manche nach Farbe, manche nach Form. Schnell wurde mir beim Sammeln klar, dass es Teile gibt, die man sehr h\u00e4ufig findet, wie z.B. Deckel von Plastikflaschen, Wattest\u00e4bchen, Feuerzeuge, Feuerwerksreste, Strohhalme, Plastikbesteck. Ich nenne sie &#8222;die \u00fcblichen Verd\u00e4chtigen&#8220;. Aber es finden sich auch Kuriosit\u00e4ten wie z.B. Plastikflaschen aus den 1960er Jahren, Spielzeug, Anglerzubeh\u00f6r etc.<\/p>\n\n\n\n<figure class=\"wp-block-image\"><img decoding=\"async\" width=\"900\" height=\"900\" data-src=\"http:\/\/greendolphindus.com\/wp-content\/uploads\/2019\/08\/Collage1.jpg\" alt=\"\" class=\"wp-image-346 lazyload\" src=\"data:image\/svg+xml;base64,PHN2ZyB3aWR0aD0iMSIgaGVpZ2h0PSIxIiB4bWxucz0iaHR0cDovL3d3dy53My5vcmcvMjAwMC9zdmciPjwvc3ZnPg==\" style=\"--smush-placeholder-width: 900px; --smush-placeholder-aspect-ratio: 900\/900;\" \/><\/figure>\n\n\n\n<p>Mit diesem Projekt m\u00f6chte ich darauf aufmerksam machen, dass das Thema Plastikflut nicht irgendwo in Asien oder Afrika stattfindet oder in einem entfernten Ozean sondern direkt vor unserer Haust\u00fcr, in diesem Fall am Rheinufer.&nbsp;<\/p>\n\n\n\n<p>Jedes dieser kleinen Teile hat seine eigene Vergangenheit, zusammengef\u00fcgt in bunten Collagen erz\u00e4hlen sie uns nun eine neue Geschichte unserer Kultur der Bequemlichkeit und des Konsums.<\/p>\n\n\n\n<p>\u00a0Ihr wollt mehr \u00fcber meine Spazierg\u00e4nge am Rhein erfahren, dann folgt mir gerne auf meinen <a href=\"http:\/\/greendolphindus.com\/?page_id=191\">Blog<\/a>.<\/p>\n\n\n\n<p>&nbsp;<\/p>\n\n\n\n<p>&nbsp;<\/p>\n","protected":false},"excerpt":{"rendered":"<p>Wer oder was ist greendolphindus? Im Januar 2019 startete ich mein Fotoprojekt &#8222;greendolphindus&#8220;. Namensgeber f\u00fcr das Projekt ist eines meiner ersten Plastikfundst\u00fccke am Rhein. Ein schon offensichtlich etwas in die Jahre gekommenes gr\u00fcnes Sandf\u00f6rmchen aus Plastik in Form eines Delfins, [&hellip;]<\/p>\n","protected":false},"author":1,"featured_media":0,"parent":0,"menu_order":0,"comment_status":"closed","ping_status":"closed","template":"","meta":{"_acf_changed":false,"footnotes":""},"acf":[],"yoast_head":"<!-- This site is optimized with the Yoast SEO plugin v24.1 - https:\/\/yoast.com\/wordpress\/plugins\/seo\/ -->\n<title>Das Projekt - greendolphindus.com<\/title>\n<meta name=\"robots\" content=\"index, follow, max-snippet:-1, max-image-preview:large, max-video-preview:-1\" \/>\n<link rel=\"canonical\" href=\"https:\/\/greendolphindus.com\/?page_id=30\" \/>\n<meta property=\"og:locale\" content=\"de_DE\" \/>\n<meta property=\"og:type\" content=\"article\" \/>\n<meta property=\"og:title\" content=\"Das Projekt - greendolphindus.com\" \/>\n<meta property=\"og:description\" content=\"Wer oder was ist greendolphindus? Im Januar 2019 startete ich mein Fotoprojekt &#8222;greendolphindus&#8220;. Namensgeber f\u00fcr das Projekt ist eines meiner ersten Plastikfundst\u00fccke am Rhein. Ein schon offensichtlich etwas in die Jahre gekommenes gr\u00fcnes Sandf\u00f6rmchen aus Plastik in Form eines Delfins, [&hellip;]\" \/>\n<meta property=\"og:url\" content=\"https:\/\/greendolphindus.com\/?page_id=30\" \/>\n<meta property=\"og:site_name\" content=\"greendolphindus.com\" \/>\n<meta property=\"article:modified_time\" content=\"2019-10-08T12:03:44+00:00\" \/>\n<meta property=\"og:image\" content=\"http:\/\/greendolphindus.com\/wp-content\/uploads\/2019\/06\/DelfinHeader-1024x1024.jpg\" \/>\n<meta name=\"twitter:card\" content=\"summary_large_image\" \/>\n<meta name=\"twitter:label1\" content=\"Gesch\u00e4tzte Lesezeit\" \/>\n\t<meta name=\"twitter:data1\" content=\"2 Minuten\" \/>\n<script type=\"application\/ld+json\" class=\"yoast-schema-graph\">{\"@context\":\"https:\/\/schema.org\",\"@graph\":[{\"@type\":\"WebPage\",\"@id\":\"https:\/\/greendolphindus.com\/?page_id=30\",\"url\":\"https:\/\/greendolphindus.com\/?page_id=30\",\"name\":\"Das Projekt - greendolphindus.com\",\"isPartOf\":{\"@id\":\"https:\/\/greendolphindus.com\/#website\"},\"primaryImageOfPage\":{\"@id\":\"https:\/\/greendolphindus.com\/?page_id=30#primaryimage\"},\"image\":{\"@id\":\"https:\/\/greendolphindus.com\/?page_id=30#primaryimage\"},\"thumbnailUrl\":\"http:\/\/greendolphindus.com\/wp-content\/uploads\/2019\/06\/DelfinHeader-1024x1024.jpg\",\"datePublished\":\"2019-06-12T17:43:09+00:00\",\"dateModified\":\"2019-10-08T12:03:44+00:00\",\"breadcrumb\":{\"@id\":\"https:\/\/greendolphindus.com\/?page_id=30#breadcrumb\"},\"inLanguage\":\"de-DE\",\"potentialAction\":[{\"@type\":\"ReadAction\",\"target\":[\"https:\/\/greendolphindus.com\/?page_id=30\"]}]},{\"@type\":\"ImageObject\",\"inLanguage\":\"de-DE\",\"@id\":\"https:\/\/greendolphindus.com\/?page_id=30#primaryimage\",\"url\":\"https:\/\/greendolphindus.com\/wp-content\/uploads\/2019\/06\/DelfinHeader.jpg\",\"contentUrl\":\"https:\/\/greendolphindus.com\/wp-content\/uploads\/2019\/06\/DelfinHeader.jpg\",\"width\":1080,\"height\":1080,\"caption\":\"Green Dolphin\"},{\"@type\":\"BreadcrumbList\",\"@id\":\"https:\/\/greendolphindus.com\/?page_id=30#breadcrumb\",\"itemListElement\":[{\"@type\":\"ListItem\",\"position\":1,\"name\":\"Startseite\",\"item\":\"https:\/\/greendolphindus.com\/\"},{\"@type\":\"ListItem\",\"position\":2,\"name\":\"Das Projekt\"}]},{\"@type\":\"WebSite\",\"@id\":\"https:\/\/greendolphindus.com\/#website\",\"url\":\"https:\/\/greendolphindus.com\/\",\"name\":\"greendolphindus.com\",\"description\":\"\",\"potentialAction\":[{\"@type\":\"SearchAction\",\"target\":{\"@type\":\"EntryPoint\",\"urlTemplate\":\"https:\/\/greendolphindus.com\/?s={search_term_string}\"},\"query-input\":{\"@type\":\"PropertyValueSpecification\",\"valueRequired\":true,\"valueName\":\"search_term_string\"}}],\"inLanguage\":\"de-DE\"}]}<\/script>\n<!-- \/ Yoast SEO plugin. -->","yoast_head_json":{"title":"Das Projekt - greendolphindus.com","robots":{"index":"index","follow":"follow","max-snippet":"max-snippet:-1","max-image-preview":"max-image-preview:large","max-video-preview":"max-video-preview:-1"},"canonical":"https:\/\/greendolphindus.com\/?page_id=30","og_locale":"de_DE","og_type":"article","og_title":"Das Projekt - greendolphindus.com","og_description":"Wer oder was ist greendolphindus? Im Januar 2019 startete ich mein Fotoprojekt &#8222;greendolphindus&#8220;. Namensgeber f\u00fcr das Projekt ist eines meiner ersten Plastikfundst\u00fccke am Rhein. Ein schon offensichtlich etwas in die Jahre gekommenes gr\u00fcnes Sandf\u00f6rmchen aus Plastik in Form eines Delfins, [&hellip;]","og_url":"https:\/\/greendolphindus.com\/?page_id=30","og_site_name":"greendolphindus.com","article_modified_time":"2019-10-08T12:03:44+00:00","og_image":[{"url":"http:\/\/greendolphindus.com\/wp-content\/uploads\/2019\/06\/DelfinHeader-1024x1024.jpg","type":"","width":"","height":""}],"twitter_card":"summary_large_image","twitter_misc":{"Gesch\u00e4tzte Lesezeit":"2 Minuten"},"schema":{"@context":"https:\/\/schema.org","@graph":[{"@type":"WebPage","@id":"https:\/\/greendolphindus.com\/?page_id=30","url":"https:\/\/greendolphindus.com\/?page_id=30","name":"Das Projekt - greendolphindus.com","isPartOf":{"@id":"https:\/\/greendolphindus.com\/#website"},"primaryImageOfPage":{"@id":"https:\/\/greendolphindus.com\/?page_id=30#primaryimage"},"image":{"@id":"https:\/\/greendolphindus.com\/?page_id=30#primaryimage"},"thumbnailUrl":"http:\/\/greendolphindus.com\/wp-content\/uploads\/2019\/06\/DelfinHeader-1024x1024.jpg","datePublished":"2019-06-12T17:43:09+00:00","dateModified":"2019-10-08T12:03:44+00:00","breadcrumb":{"@id":"https:\/\/greendolphindus.com\/?page_id=30#breadcrumb"},"inLanguage":"de-DE","potentialAction":[{"@type":"ReadAction","target":["https:\/\/greendolphindus.com\/?page_id=30"]}]},{"@type":"ImageObject","inLanguage":"de-DE","@id":"https:\/\/greendolphindus.com\/?page_id=30#primaryimage","url":"https:\/\/greendolphindus.com\/wp-content\/uploads\/2019\/06\/DelfinHeader.jpg","contentUrl":"https:\/\/greendolphindus.com\/wp-content\/uploads\/2019\/06\/DelfinHeader.jpg","width":1080,"height":1080,"caption":"Green Dolphin"},{"@type":"BreadcrumbList","@id":"https:\/\/greendolphindus.com\/?page_id=30#breadcrumb","itemListElement":[{"@type":"ListItem","position":1,"name":"Startseite","item":"https:\/\/greendolphindus.com\/"},{"@type":"ListItem","position":2,"name":"Das Projekt"}]},{"@type":"WebSite","@id":"https:\/\/greendolphindus.com\/#website","url":"https:\/\/greendolphindus.com\/","name":"greendolphindus.com","description":"","potentialAction":[{"@type":"SearchAction","target":{"@type":"EntryPoint","urlTemplate":"https:\/\/greendolphindus.com\/?s={search_term_string}"},"query-input":{"@type":"PropertyValueSpecification","valueRequired":true,"valueName":"search_term_string"}}],"inLanguage":"de-DE"}]}},"_links":{"self":[{"href":"https:\/\/greendolphindus.com\/index.php?rest_route=\/wp\/v2\/pages\/30"}],"collection":[{"href":"https:\/\/greendolphindus.com\/index.php?rest_route=\/wp\/v2\/pages"}],"about":[{"href":"https:\/\/greendolphindus.com\/index.php?rest_route=\/wp\/v2\/types\/page"}],"author":[{"embeddable":true,"href":"https:\/\/greendolphindus.com\/index.php?rest_route=\/wp\/v2\/users\/1"}],"replies":[{"embeddable":true,"href":"https:\/\/greendolphindus.com\/index.php?rest_route=%2Fwp%2Fv2%2Fcomments&post=30"}],"version-history":[{"count":37,"href":"https:\/\/greendolphindus.com\/index.php?rest_route=\/wp\/v2\/pages\/30\/revisions"}],"predecessor-version":[{"id":580,"href":"https:\/\/greendolphindus.com\/index.php?rest_route=\/wp\/v2\/pages\/30\/revisions\/580"}],"wp:attachment":[{"href":"https:\/\/greendolphindus.com\/index.php?rest_route=%2Fwp%2Fv2%2Fmedia&parent=30"}],"curies":[{"name":"wp","href":"https:\/\/api.w.org\/{rel}","templated":true}]}}